{"id":4377,"date":"2025-07-24T17:44:55","date_gmt":"2025-07-24T22:44:55","guid":{"rendered":"https:\/\/website-jbg-dev-gzfcfebwh2f5dpcp.eastus2-01.azurewebsites.net\/gallery-of-former-directors\/"},"modified":"2025-10-02T10:18:44","modified_gmt":"2025-10-02T15:18:44","slug":"gallery-of-former-directors","status":"publish","type":"page","link":"https:\/\/www.juntadebeneficencia.org.ec\/en\/gallery-of-former-directors\/","title":{"rendered":"Gallery of Former Directors"},"content":{"rendered":"\n<figure class=\"wp-block-image size-full is-resized\"><img decoding=\"async\" width=\"153\" height=\"200\" src=\"\/wp-content\/uploads\/2025\/07\/1_dr_francisco_campos-3.jpg\" alt=\"\" class=\"wp-image-56\" style=\"width:170px;height:auto\"\/><figcaption class=\"wp-element-caption\">DR. FRANCISCO CAMPOS, FOUNDER OF THE GUAYAQUIL CHARITY BOARD<br\/>DECEMBER 17, 1887.<\/figcaption><\/figure>\n\n<figure class=\"wp-block-image size-full\"><img decoding=\"async\" width=\"148\" height=\"200\" src=\"\/wp-content\/uploads\/2025\/07\/2_sr_eduardo_arosemena.jpg\" alt=\"\" class=\"wp-image-57\"\/><figcaption class=\"wp-element-caption\">MR. EDUARDO AROSEMENA<br\/>PERIOD 1888 &#8211; 1893 AND 1896 &#8211; 1915<\/figcaption><\/figure>\n\n<figure class=\"wp-block-image size-full\"><img decoding=\"async\" width=\"149\" height=\"200\" src=\"\/wp-content\/uploads\/2025\/07\/3_sr_jose_maria_saenz.jpg\" alt=\"\" class=\"wp-image-58\"\/><figcaption class=\"wp-element-caption\">MR. JOS\u00c9 MAR\u00cdA S\u00c1ENZ<br\/>PERIOD 1893 &#8211; 1896<\/figcaption><\/figure>\n\n<figure class=\"wp-block-image size-full\"><img loading=\"lazy\" decoding=\"async\" width=\"153\" height=\"200\" src=\"\/wp-content\/uploads\/2025\/07\/4_sr_carlos_gomez_rendon.jpg\" alt=\"\" class=\"wp-image-59\"\/><figcaption class=\"wp-element-caption\">MR. CARLOS G\u00d3MEZ REND\u00d3N<br\/>PERIOD 1915 &#8211; 1918.<\/figcaption><\/figure>\n\n<p><\/p>\n","protected":false},"excerpt":{"rendered":"","protected":false},"author":1,"featured_media":0,"parent":0,"menu_order":0,"comment_status":"closed","ping_status":"closed","template":"","meta":{"footnotes":""},"class_list":["post-4377","page","type-page","status-publish","hentry"],"_links":{"self":[{"href":"https:\/\/www.juntadebeneficencia.org.ec\/en\/wp-json\/wp\/v2\/pages\/4377","targetHints":{"allow":["GET"]}}],"collection":[{"href":"https:\/\/www.juntadebeneficencia.org.ec\/en\/wp-json\/wp\/v2\/pages"}],"about":[{"href":"https:\/\/www.juntadebeneficencia.org.ec\/en\/wp-json\/wp\/v2\/types\/page"}],"author":[{"embeddable":true,"href":"https:\/\/www.juntadebeneficencia.org.ec\/en\/wp-json\/wp\/v2\/users\/1"}],"replies":[{"embeddable":true,"href":"https:\/\/www.juntadebeneficencia.org.ec\/en\/wp-json\/wp\/v2\/comments?post=4377"}],"version-history":[{"count":1,"href":"https:\/\/www.juntadebeneficencia.org.ec\/en\/wp-json\/wp\/v2\/pages\/4377\/revisions"}],"predecessor-version":[{"id":4378,"href":"https:\/\/www.juntadebeneficencia.org.ec\/en\/wp-json\/wp\/v2\/pages\/4377\/revisions\/4378"}],"wp:attachment":[{"href":"https:\/\/www.juntadebeneficencia.org.ec\/en\/wp-json\/wp\/v2\/media?parent=4377"}],"curies":[{"name":"wp","href":"https:\/\/api.w.org\/{rel}","templated":true}]}}